{"id":23080,"date":"2024-03-24T16:34:31","date_gmt":"2024-03-24T16:34:31","guid":{"rendered":"https:\/\/sexdolleurope.com\/en\/termek\/daniella-uj-generacios-fej\/"},"modified":"2024-04-08T19:40:55","modified_gmt":"2024-04-08T19:40:55","slug":"daniella-with-new-gen-head","status":"publish","type":"product","link":"https:\/\/sexdolleurope.com\/en\/produs\/daniella-with-new-gen-head\/","title":{"rendered":"Daniella with new generation head"},"content":{"rendered":"<div id=\":1e4\" class=\"ii gt\">\n<div id=\":1e5\" class=\"a3s aiL \">\n<div dir=\"auto\">\n<div dir=\"auto\">Plusz funkci\u00f3: nyithat\u00f3 \u00e9s csukhat\u00f3 sz\u00e1j, fogakkal, nyelvvel.<\/div>\n<\/div>\n<div class=\"yj6qo\"><\/div>\n<div class=\"adL\"><\/div>\n<\/div>\n<\/div>\n<div id=\":1db\" class=\"hq gt\"><\/div>\n","protected":false},"excerpt":{"rendered":"<p>Plusz funkci\u00f3: nyithat\u00f3 \u00e9s csukhat\u00f3 sz\u00e1j, fogakkal, nyelvvel.<\/p>\n","protected":false},"featured_media":22063,"comment_status":"closed","ping_status":"closed","template":"","meta":[],"product_brand":[],"product_cat":[690,681,680],"product_tag":[],"class_list":{"0":"post-23080","1":"product","2":"type-product","3":"status-publish","4":"has-post-thumbnail","6":"product_cat-adjustabil","7":"product_cat-femeiematura","8":"product_cat-papusasex","9":"product_shipping_class-szexbaba","10":"pa_breast-80-cm","11":"pa_height-158-cm","12":"pa_hips-83-cm","13":"pa_skin-szilikon-fej","14":"pa_skin-tpe","15":"pa_vagina-18-cm","16":"pa_waist-56-cm","17":"pa_weight-33-kg","19":"first","20":"instock","21":"purchasable","22":"product-type-simple"},"_links":{"self":[{"href":"https:\/\/sexdolleurope.com\/en\/wp-json\/wp\/v2\/product\/23080","targetHints":{"allow":["GET"]}}],"collection":[{"href":"https:\/\/sexdolleurope.com\/en\/wp-json\/wp\/v2\/product"}],"about":[{"href":"https:\/\/sexdolleurope.com\/en\/wp-json\/wp\/v2\/types\/product"}],"replies":[{"embeddable":true,"href":"https:\/\/sexdolleurope.com\/en\/wp-json\/wp\/v2\/comments?post=23080"}],"wp:featuredmedia":[{"embeddable":true,"href":"https:\/\/sexdolleurope.com\/en\/wp-json\/wp\/v2\/media\/22063"}],"wp:attachment":[{"href":"https:\/\/sexdolleurope.com\/en\/wp-json\/wp\/v2\/media?parent=23080"}],"wp:term":[{"taxonomy":"product_brand","embeddable":true,"href":"https:\/\/sexdolleurope.com\/en\/wp-json\/wp\/v2\/product_brand?post=23080"},{"taxonomy":"product_cat","embeddable":true,"href":"https:\/\/sexdolleurope.com\/en\/wp-json\/wp\/v2\/product_cat?post=23080"},{"taxonomy":"product_tag","embeddable":true,"href":"https:\/\/sexdolleurope.com\/en\/wp-json\/wp\/v2\/product_tag?post=23080"}],"curies":[{"name":"wp","href":"https:\/\/api.w.org\/{rel}","templated":true}]}}