{"id":23084,"date":"2024-03-24T16:34:31","date_gmt":"2024-03-24T16:34:31","guid":{"rendered":"https:\/\/sexdolleurope.com\/en\/termek\/eniko-uj-generacios-fej\/"},"modified":"2024-04-08T19:42:13","modified_gmt":"2024-04-08T19:42:13","slug":"eniko-with-new-gen-head","status":"publish","type":"product","link":"https:\/\/sexdolleurope.com\/en\/produs\/eniko-with-new-gen-head\/","title":{"rendered":"Eniko with new generation head"},"content":{"rendered":"<div id=\":1e4\" class=\"ii gt\">\n<div id=\":1e5\" class=\"a3s aiL \">\n<div dir=\"auto\">\n<div dir=\"auto\">Plusz funkci\u00f3: nyithat\u00f3 \u00e9s csukhat\u00f3 sz\u00e1j, fogakkal, nyelvvel.<\/div>\n<\/div>\n<div class=\"yj6qo\"><\/div>\n<div class=\"adL\"><\/div>\n<\/div>\n<\/div>\n<div id=\":1db\" class=\"hq gt\"><\/div>\n","protected":false},"excerpt":{"rendered":"<p>Plusz funkci\u00f3: nyithat\u00f3 \u00e9s csukhat\u00f3 sz\u00e1j, fogakkal, nyelvvel.<\/p>\n","protected":false},"featured_media":22107,"comment_status":"closed","ping_status":"closed","template":"","meta":[],"product_brand":[],"product_cat":[690,681,686,680],"product_tag":[],"class_list":{"0":"post-23084","1":"product","2":"type-product","3":"status-publish","4":"has-post-thumbnail","6":"product_cat-adjustabil","7":"product_cat-femeiematura","8":"product_cat-sportiv","9":"product_cat-papusasex","10":"product_shipping_class-szexbaba","11":"pa_breast-82-cm","12":"pa_height-166-cm","13":"pa_hips-85-cm","14":"pa_skin-szilikon-fej","15":"pa_skin-tpe","16":"pa_vagina-18-cm","17":"pa_waist-52-cm","18":"pa_weight-33-kg","20":"first","21":"instock","22":"purchasable","23":"product-type-simple"},"_links":{"self":[{"href":"https:\/\/sexdolleurope.com\/en\/wp-json\/wp\/v2\/product\/23084","targetHints":{"allow":["GET"]}}],"collection":[{"href":"https:\/\/sexdolleurope.com\/en\/wp-json\/wp\/v2\/product"}],"about":[{"href":"https:\/\/sexdolleurope.com\/en\/wp-json\/wp\/v2\/types\/product"}],"replies":[{"embeddable":true,"href":"https:\/\/sexdolleurope.com\/en\/wp-json\/wp\/v2\/comments?post=23084"}],"wp:featuredmedia":[{"embeddable":true,"href":"https:\/\/sexdolleurope.com\/en\/wp-json\/wp\/v2\/media\/22107"}],"wp:attachment":[{"href":"https:\/\/sexdolleurope.com\/en\/wp-json\/wp\/v2\/media?parent=23084"}],"wp:term":[{"taxonomy":"product_brand","embeddable":true,"href":"https:\/\/sexdolleurope.com\/en\/wp-json\/wp\/v2\/product_brand?post=23084"},{"taxonomy":"product_cat","embeddable":true,"href":"https:\/\/sexdolleurope.com\/en\/wp-json\/wp\/v2\/product_cat?post=23084"},{"taxonomy":"product_tag","embeddable":true,"href":"https:\/\/sexdolleurope.com\/en\/wp-json\/wp\/v2\/product_tag?post=23084"}],"curies":[{"name":"wp","href":"https:\/\/api.w.org\/{rel}","templated":true}]}}